{"id":769,"date":"2023-04-18T00:35:21","date_gmt":"2023-04-18T00:35:21","guid":{"rendered":"https:\/\/drchristianreyes.com\/?page_id=769"},"modified":"2023-05-09T05:45:22","modified_gmt":"2023-05-09T05:45:22","slug":"agenda-una-cita","status":"publish","type":"page","link":"https:\/\/drchristianreyes.com\/index.php\/agenda-una-cita\/","title":{"rendered":"Agenda una cita"},"content":{"rendered":"<div  id=\"about-1\" class=\"about-big-images-section\" style=\"background-color: #ffffff;\" data-label=\"About\" data-id=\"about-big-images-section\" data-category=\"about\">\n<div  class=\"gridContainer\">\n<div  class=\"about-big-images-textrow\">\n<div  class=\"about-big-images-textcol dynamic-color\" data-type=\"column\">\n<h5  class=\"\">AGENDA UNA CITA HOY MISMO<\/h5>\n<h3  class=\"\">Llena el formulario escogiendo el d\u00eda y hora de tu preferencia<span  class=\"span25\">&nbsp;<\/span>y recibe la&nbsp;confirmaci\u00f3n en tu correo<\/h3>\n<p  class=\"\">En caso de no recibir la confirmaci\u00f3n NO olvides revisar \n<br >tu bandeja de&nbsp;correo NO deseado (SPAM)<\/p>\n\n\n<\/div>\n<\/div>\n<\/div>\n<div  class=\"about-big-images-bottomrow\">\n<div  class=\"about-big-images-leftimgcol\"><img decoding=\"async\"  class=\"about-big-images-leftimg\" src=\"http:\/\/drchristianreyes.com\/wp-content\/uploads\/2023\/02\/UROS.png\" alt=\"\"><\/div>\n<div  class=\"about-big-images-centerimgcol\"><img decoding=\"async\"  class=\"about-big-images-centerimg\" src=\"http:\/\/drchristianreyes.com\/wp-content\/uploads\/2023\/02\/banner-fb.png\" alt=\"\"><\/div>\n<div  class=\"about-big-images-rightimgcol\"><img decoding=\"async\"  class=\"about-big-images-rightimg\" src=\"http:\/\/drchristianreyes.com\/wp-content\/uploads\/2023\/04\/image-1.png\" alt=\"\"><\/div>\n<\/div>\n<\/div><div  id=\"contact-4\" class=\"contact-section-formsection white-text contact-section\" data-label=\"Contact\" data-id=\"contact-section\" data-category=\"contact\" data-bg=\"transparent\" style=\"background-image: none; background-color: rgba(0, 0, 0, 0);\" data-ovid=\"ovid-contact-4-1701\">\n<div  class=\"gridContainer\">\n<div  class=\"row_224\">\n<div  class=\"contact-textrow\">\n<div  class=\"contact-textcol dynamic-color\">\n<h2 ><span style=\"font-weight: 600;\" >Agenda Online<\/span><span id=\"_mce_caret\" data-mce-bogus=\"1\" data-mce-type=\"format-caret\" ><span style=\"font-weight: 600;\" >\ufeff<\/span><\/span><\/h2>\n<p  class=\"white_text\"><span style=\"font-weight: 500;\" ><span style=\"font-weight: 300;\" >Puedes agendar una cita en el horario de tu preferencia.\n<\/span><br >\n<br >Una vez generada tu cita, recibir\u00e1s un correo de confirmaci\u00f3n y una de mis&nbsp;asistentes&nbsp;te contactar\u00e1.<\/span><br ><\/p>\n\n\n<\/div>\n<\/div>\n<\/div>\n<div  class=\"contact-formcol\" data-content-shortcode=\"one_page_express_contact_form shortcode=&quot;bookly-form&quot;\" data-editable=\"true\"><!--\nPlugin Name: Bookly - Responsive WordPress Appointment Booking and Scheduling Plugin\nPlugin URI: https:\/\/www.booking-wp-plugin.com\/?utm_source=bookly_admin&utm_medium=plugins_page&utm_campaign=plugins_page\nVersion: 26.9-->\n<style type=\"text\/css\">\n    :root {\n        --bookly-main-color: #0e0e84 !important;\n        --bookly-color: #0e0e84 !important;\n    }\n\n    <\/style><div class=\"bookly-css-root\">\n    <div id=\"bookly-form-container-69fddc359eaae\" class=\"bookly-form\" data-form_id=\"\" aria-live=\"polite\">\n        <div style=\"text-align: center\"><img decoding=\"async\" src=\"https:\/\/drchristianreyes.com\/wp-includes\/js\/tinymce\/skins\/lightgray\/img\/loader.gif\" alt=\"Loading...\"\/><\/div>\n    <\/div>\n<\/div>\n<script type=\"text\/javascript\">\n    (function (win, fn) {\n        var done = false, top = true,\n            doc = win.document,\n            root = doc.documentElement,\n            modern = doc.addEventListener,\n            add = modern ? 'addEventListener' : 'attachEvent',\n            rem = modern ? 'removeEventListener' : 'detachEvent',\n            pre = modern ? '' : 'on',\n            init = function (e) {\n                if (e.type == 'readystatechange') if (doc.readyState != 'complete') return;\n                (e.type == 'load' ? win : doc)[rem](pre + e.type, init, false);\n                if (!done) {\n                    done = true;\n                    fn.call(win, e.type || e);\n                }\n            },\n            poll = function () {\n                try {\n                    root.doScroll('left');\n                } catch (e) {\n                    setTimeout(poll, 50);\n                    return;\n                }\n                init('poll');\n            };\n        if (doc.readyState == 'complete') fn.call(win, 'lazy');\n        else {\n            if (!modern) if (root.doScroll) {\n                try {\n                    top = !win.frameElement;\n                } catch (e) {\n                }\n                if (top) poll();\n            }\n            doc[add](pre + 'DOMContentLoaded', init, false);\n            doc[add](pre + 'readystatechange', init, false);\n            win[add](pre + 'load', init, false);\n        }\n    })(window, function () {\n        window.bookly( {\"form_id\":\"69fddc359eaae\",\"form_data\":{\"skip_service_step\":0,\"hide_service_part1\":0,\"hide_service_part2\":0,\"defaults\":{\"service_id\":0,\"staff_id\":0,\"location_id\":0,\"category_id\":0,\"units\":0,\"date_from\":0,\"time_from\":0,\"time_to\":0}},\"status\":{\"booking\":\"new\"},\"form_token\":null,\"skip_steps\":{\"service_part1\":0,\"service_part2\":0,\"extras\":1,\"time\":0,\"repeat\":1,\"cart\":1},\"errors\":{\"session_error\":\"Session error.\",\"form_id_error\":\"Form ID error.\",\"cart_item_not_available\":\"La hora seleccionada ya no est\\u00e1 disponible. Por favor elije otra ranura de hora.\",\"pay_locally_not_available\":\"Pay locally is not available.\",\"invalid_gateway\":\"Invalid gateway.\",\"payment_error\":\"Error.\",\"incorrect_username_password\":\"Nombre de usuario o contrase\\u00f1a incorrecta.\"},\"form_attributes\":{\"hide_categories\":false,\"hide_services\":false,\"hide_staff_members\":false,\"show_number_of_persons\":false,\"hide_service_duration\":true,\"hide_locations\":true,\"hide_quantity\":true,\"hide_date\":false,\"hide_week_days\":false,\"hide_time_range\":false},\"use_client_time_zone\":0,\"defaults\":{\"service_id\":0,\"staff_id\":0,\"location_id\":0,\"category_id\":0},\"datepicker_mode\":\"text-accent\"} );\n    });\n<\/script><\/div>\n<\/div>\n<\/div>","protected":false},"excerpt":{"rendered":"<p>AGENDA UNA CITA HOY MISMO Llena el formulario escogiendo el d\u00eda y hora de tu preferencia&nbsp;y recibe la&nbsp;confirmaci\u00f3n en tu correo En caso de no recibir la confirmaci\u00f3n NO olvides revisar tu bandeja de&nbsp;correo NO deseado (SPAM) Agenda Online\ufeff Puedes agendar una cita en el horario de tu preferencia. Una vez generada tu cita, recibir\u00e1s&hellip; <br \/> <a class=\"button small blue\" href=\"https:\/\/drchristianreyes.com\/index.php\/2026\/02\/23\/seguimiento-clinico-del-paciente-prostatico\/\">Leer m\u00e1s<\/a><\/p>\n","protected":false},"author":1,"featured_media":0,"parent":0,"menu_order":0,"comment_status":"closed","ping_status":"closed","template":"full-width-page.php","meta":{"om_disable_all_campaigns":false,"_monsterinsights_skip_tracking":false,"_monsterinsights_sitenote_active":false,"_monsterinsights_sitenote_note":"","_monsterinsights_sitenote_category":0,"_joinchat":[],"footnotes":""},"class_list":["post-769","page","type-page","status-publish","hentry"],"aioseo_notices":[],"_links":{"self":[{"href":"https:\/\/drchristianreyes.com\/index.php\/wp-json\/wp\/v2\/pages\/769","targetHints":{"allow":["GET"]}}],"collection":[{"href":"https:\/\/drchristianreyes.com\/index.php\/wp-json\/wp\/v2\/pages"}],"about":[{"href":"https:\/\/drchristianreyes.com\/index.php\/wp-json\/wp\/v2\/types\/page"}],"author":[{"embeddable":true,"href":"https:\/\/drchristianreyes.com\/index.php\/wp-json\/wp\/v2\/users\/1"}],"replies":[{"embeddable":true,"href":"https:\/\/drchristianreyes.com\/index.php\/wp-json\/wp\/v2\/comments?post=769"}],"version-history":[{"count":19,"href":"https:\/\/drchristianreyes.com\/index.php\/wp-json\/wp\/v2\/pages\/769\/revisions"}],"predecessor-version":[{"id":894,"href":"https:\/\/drchristianreyes.com\/index.php\/wp-json\/wp\/v2\/pages\/769\/revisions\/894"}],"wp:attachment":[{"href":"https:\/\/drchristianreyes.com\/index.php\/wp-json\/wp\/v2\/media?parent=769"}],"curies":[{"name":"wp","href":"https:\/\/api.w.org\/{rel}","templated":true}]}}